{"id":605,"date":"2024-03-07T11:04:16","date_gmt":"2024-03-07T10:04:16","guid":{"rendered":"https:\/\/educareincomune.it\/contatti\/"},"modified":"2025-04-05T17:46:07","modified_gmt":"2025-04-05T15:46:07","slug":"contatti","status":"publish","type":"page","link":"https:\/\/www.educareincomune.it\/en\/contatti\/","title":{"rendered":"Contatti"},"content":{"rendered":"<div class=\"wpb-content-wrapper\"><p>[vc_row][vc_column width=&#8221;5\/12&#8243;][vc_single_image image=&#8221;1027&#8243; img_size=&#8221;full&#8221; alignment=&#8221;center&#8221; css=&#8221;&#8221;][\/vc_column][vc_column width=&#8221;7\/12&#8243;][vc_single_image image=&#8221;170&#8243; img_size=&#8221;medium&#8221;][vc_custom_heading text=&#8221;Spazio EDUCARE IN COMUNE \u00e8 un progetto del Comune di Cant\u00f9, in collaborazione con MondoVisione e Progetto Sociale. \u00c8 un punto di riferimento per supportare famiglie e comunit\u00e0, promuovendo risorse educative e opportunit\u00e0 di sviluppo&#8221; font_container=&#8221;tag:p|font_size:18px|text_align:left&#8221; use_theme_fonts=&#8221;yes&#8221;][vc_row_inner css=&#8221;.vc_custom_1727883363952{margin-top: 20px !important;}&#8221;][vc_column_inner width=&#8221;1\/12&#8243;][vc_icon type=&#8221;fontawesome&#8221; icon_fontawesome=&#8221;fas fa-map-marker-alt&#8221; color=&#8221;custom&#8221; css=&#8221;.vc_custom_1742309130566{margin-bottom: 0px !important;margin-left: -10px !important;}&#8221; link=&#8221;url:mailto%3Aeduca.comune.cantu%40gmail.com&#8221; custom_color=&#8221;#0F747A&#8221;][\/vc_column_inner][vc_column_inner width=&#8221;11\/12&#8243;][vc_column_text css=&#8221;.vc_custom_1742304709223{margin-bottom: 10px !important;}&#8221;]<strong>DOVE<br \/>\n<\/strong>Sala Somaini, via dei Pizzi 9, Cant\u00f9<strong><br \/>\n<\/strong>[\/vc_column_text][\/vc_column_inner][\/vc_row_inner][vc_row_inner css=&#8221;.vc_custom_1727883363952{margin-top: 20px !important;}&#8221;][vc_column_inner width=&#8221;1\/12&#8243;][vc_icon type=&#8221;fontawesome&#8221; icon_fontawesome=&#8221;fas fa-clock&#8221; color=&#8221;custom&#8221; css=&#8221;.vc_custom_1742309148753{margin-bottom: 0px !important;margin-left: -10px !important;}&#8221; link=&#8221;url:mailto%3Aeduca.comune.cantu%40gmail.com&#8221; custom_color=&#8221;#0F747A&#8221;][\/vc_column_inner][vc_column_inner width=&#8221;11\/12&#8243;][vc_column_text css=&#8221;.vc_custom_1742304782035{margin-bottom: 10px !important;}&#8221;]<strong>QUANDO<br \/>\n<\/strong>Luned\u00ec dalle 16 alle 18.30<br \/>\nGioved\u00ec dalle 9 alle 11.30<strong><br \/>\n<\/strong>[\/vc_column_text][\/vc_column_inner][\/vc_row_inner][vc_row_inner css=&#8221;.vc_custom_1727883363952{margin-top: 20px !important;}&#8221;][vc_column_inner width=&#8221;1\/12&#8243;][vc_icon type=&#8221;fontawesome&#8221; icon_fontawesome=&#8221;fas fa-phone-alt&#8221; color=&#8221;custom&#8221; css=&#8221;.vc_custom_1742754527803{margin-bottom: 0px !important;margin-left: -10px !important;}&#8221; link=&#8221;url:mailto%3Aeduca.comune.cantu%40gmail.com&#8221; custom_color=&#8221;#0F747A&#8221;][\/vc_column_inner][vc_column_inner width=&#8221;11\/12&#8243;][vc_column_text css=&#8221;.vc_custom_1742754597538{margin-bottom: 0px !important;}&#8221;]<strong>TELEFONO<\/strong><br \/>\nAttivo durante gli orari apertura.[\/vc_column_text][vc_custom_heading text=&#8221;031 717 517&#8243; font_container=&#8221;tag:div|font_size:20px|text_align:left&#8221; use_theme_fonts=&#8221;yes&#8221; css=&#8221;.vc_custom_1742754575479{margin-bottom: 0px !important;padding-top: 0px !important;}&#8221; link=&#8221;url:tel%3A%2B39031717517&#8243; el_class=&#8221;mailto&#8221;][\/vc_column_inner][\/vc_row_inner][vc_row_inner css=&#8221;.vc_custom_1727883363952{margin-top: 20px !important;}&#8221;][vc_column_inner width=&#8221;1\/12&#8243;][vc_icon type=&#8221;fontawesome&#8221; icon_fontawesome=&#8221;fas fa-envelope-open&#8221; color=&#8221;custom&#8221; css=&#8221;.vc_custom_1742309159820{margin-bottom: 0px !important;margin-left: -10px !important;}&#8221; link=&#8221;url:mailto%3Aeduca.comune.cantu%40gmail.com&#8221; custom_color=&#8221;#0F747A&#8221;][\/vc_column_inner][vc_column_inner width=&#8221;11\/12&#8243;][vc_column_text css=&#8221;.vc_custom_1742309240967{margin-bottom: 0px !important;}&#8221;]<strong>EMAIL<\/strong><br \/>\nPer ogni richiesta o informazione. Indicare i propri recapiti.[\/vc_column_text][vc_custom_heading text=&#8221;contatti@educareincomune.it&#8221; font_container=&#8221;tag:div|font_size:20px|text_align:left&#8221; use_theme_fonts=&#8221;yes&#8221; css=&#8221;.vc_custom_1742309211803{margin-bottom: 0px !important;padding-top: 0px !important;}&#8221; link=&#8221;url:mailto%3Acontatti%40educareincomune.it&#8221; el_class=&#8221;mailto&#8221;][\/vc_column_inner][\/vc_row_inner][vc_row_inner css=&#8221;.vc_custom_1727883363952{margin-top: 20px !important;}&#8221;][vc_column_inner width=&#8221;1\/12&#8243;][vc_icon type=&#8221;fontawesome&#8221; icon_fontawesome=&#8221;fab fa-whatsapp&#8221; color=&#8221;custom&#8221; css=&#8221;.vc_custom_1742309426994{margin-bottom: 0px !important;margin-left: -10px !important;}&#8221; link=&#8221;url:mailto%3Aeduca.comune.cantu%40gmail.com&#8221; custom_color=&#8221;#0F747A&#8221;][\/vc_column_inner][vc_column_inner width=&#8221;11\/12&#8243;][vc_column_text css=&#8221;.vc_custom_1742309451636{margin-bottom: 0px !important;}&#8221;]<strong>CANALE WHATSAPP<\/strong><br \/>\nIscriviti al canale <strong>edu_ca &#8211; educare in comune a Cant\u00f9<\/strong> su Whatsapp. Rimani aggiornato su tutte le attivit\u00e0.[\/vc_column_text][vc_custom_heading text=&#8221;ISCRIVITI A edu_ca&#8221; font_container=&#8221;tag:div|font_size:20px|text_align:left&#8221; use_theme_fonts=&#8221;yes&#8221; css=&#8221;.vc_custom_1742309086106{margin-bottom: 0px !important;}&#8221; link=&#8221;url:https%3A%2F%2Fwhatsapp.com%2Fchannel%2F0029Vb8fNfb4SpkD0Hm1Re3x|target:_blank&#8221; el_class=&#8221;mailto&#8221;][\/vc_column_inner][\/vc_row_inner][\/vc_column][\/vc_row][vc_row css=&#8221;.vc_custom_1724765691452{margin-top: 0px !important;margin-bottom: 0px !important;}&#8221;][vc_column css=&#8221;.vc_custom_1724765848834{margin-top: 80px !important;margin-bottom: 0px !important;border-top-width: 1px !important;padding-top: 80px !important;padding-bottom: 0px !important;border-top-color: #333333 !important;border-top-style: solid !important;}&#8221;][vc_column_text]Il progetto <strong>Educare in comune <\/strong>a Cant\u00f9 \u00e8 realizzato con il contributo di:[\/vc_column_text][vc_row_inner][vc_column_inner width=&#8221;1\/5&#8243;][vc_single_image image=&#8221;510&#8243; img_size=&#8221;full&#8221; alignment=&#8221;center&#8221; onclick=&#8221;custom_link&#8221; img_link_target=&#8221;_blank&#8221; link=&#8221;https:\/\/www.mondovisione.org&#8221;][\/vc_column_inner][vc_column_inner width=&#8221;1\/5&#8243;][vc_single_image image=&#8221;512&#8243; img_size=&#8221;full&#8221; alignment=&#8221;center&#8221; onclick=&#8221;custom_link&#8221; img_link_target=&#8221;_blank&#8221; link=&#8221;https:\/\/progettosociale.it\/&#8221;][\/vc_column_inner][vc_column_inner width=&#8221;1\/5&#8243;][\/vc_column_inner][vc_column_inner width=&#8221;1\/5&#8243;][\/vc_column_inner][vc_column_inner width=&#8221;1\/5&#8243;][\/vc_column_inner][\/vc_row_inner][\/vc_column][\/vc_row]<\/p>\n<\/div>","protected":false},"excerpt":{"rendered":"<p>[vc_row][vc_column width=&#8221;5\/12&#8243;][vc_single_image image=&#8221;1027&#8243; img_size=&#8221;full&#8221; alignment=&#8221;center&#8221; css=&#8221;&#8221;][\/vc_column][vc_column width=&#8221;7\/12&#8243;][vc_single_image image=&#8221;170&#8243; img_size=&#8221;medium&#8221;][vc_custom_heading text=&#8221;Spazio EDUCARE IN COMUNE \u00e8 un progetto del Comune di Cant\u00f9, in collaborazione con MondoVisione e Progetto Sociale. \u00c8 un punto di riferimento per supportare famiglie e comunit\u00e0, promuovendo risorse educative e opportunit\u00e0 di sviluppo&#8221; font_container=&#8221;tag:p|font_size:18px|text_align:left&#8221; use_theme_fonts=&#8221;yes&#8221;][vc_row_inner css=&#8221;.vc_custom_1727883363952{margin-top: 20px !important;}&#8221;][vc_column_inner width=&#8221;1\/12&#8243;][vc_icon type=&#8221;fontawesome&#8221; icon_fontawesome=&#8221;fas fa-map-marker-alt&#8221; color=&#8221;custom&#8221; css=&#8221;.vc_custom_1742309130566{margin-bottom:&hellip;<\/p>\n","protected":false},"author":1,"featured_media":0,"parent":0,"menu_order":0,"comment_status":"closed","ping_status":"closed","template":"","meta":{"_acf_changed":false,"footnotes":""},"class_list":["post-605","page","type-page","status-publish","hentry"],"acf":[],"yoast_head":"<!-- This site is optimized with the Yoast SEO plugin v27.0 - https:\/\/yoast.com\/product\/yoast-seo-wordpress\/ -->\n<title>Contatti - Educare in comune a Cant\u00f9<\/title>\n<meta name=\"robots\" content=\"index, follow, max-snippet:-1, max-image-preview:large, max-video-preview:-1\" \/>\n<link rel=\"canonical\" href=\"https:\/\/www.educareincomune.it\/contatti\/\" \/>\n<meta property=\"og:locale\" content=\"en_US\" \/>\n<meta property=\"og:type\" content=\"article\" \/>\n<meta property=\"og:title\" content=\"Contatti - Educare in comune a Cant\u00f9\" \/>\n<meta property=\"og:description\" content=\"[vc_row][vc_column width=&#8221;5\/12&#8243;][vc_single_image image=&#8221;1027&#8243; img_size=&#8221;full&#8221; alignment=&#8221;center&#8221; css=&#8221;&#8221;][\/vc_column][vc_column width=&#8221;7\/12&#8243;][vc_single_image image=&#8221;170&#8243; img_size=&#8221;medium&#8221;][vc_custom_heading text=&#8221;Spazio EDUCARE IN COMUNE \u00e8 un progetto del Comune di Cant\u00f9, in collaborazione con MondoVisione e Progetto Sociale. \u00c8 un punto di riferimento per supportare famiglie e comunit\u00e0, promuovendo risorse educative e opportunit\u00e0 di sviluppo&#8221; font_container=&#8221;tag:p|font_size:18px|text_align:left&#8221; use_theme_fonts=&#8221;yes&#8221;][vc_row_inner css=&#8221;.vc_custom_1727883363952{margin-top: 20px !important;}&#8221;][vc_column_inner width=&#8221;1\/12&#8243;][vc_icon type=&#8221;fontawesome&#8221; icon_fontawesome=&#8221;fas fa-map-marker-alt&#8221; color=&#8221;custom&#8221; css=&#8221;.vc_custom_1742309130566{margin-bottom:&hellip;\" \/>\n<meta property=\"og:url\" content=\"https:\/\/www.educareincomune.it\/contatti\/\" \/>\n<meta property=\"og:site_name\" content=\"Educare in comune a Cant\u00f9\" \/>\n<meta property=\"article:modified_time\" content=\"2025-04-05T15:46:07+00:00\" \/>\n<meta name=\"twitter:card\" content=\"summary_large_image\" \/>\n<meta name=\"twitter:label1\" content=\"Est. reading time\" \/>\n\t<meta name=\"twitter:data1\" content=\"3 minutes\" \/>\n<script type=\"application\/ld+json\" class=\"yoast-schema-graph\">{\"@context\":\"https:\/\/schema.org\",\"@graph\":[{\"@type\":\"WebPage\",\"@id\":\"https:\/\/www.educareincomune.it\/contatti\/\",\"url\":\"https:\/\/www.educareincomune.it\/contatti\/\",\"name\":\"Contatti - Educare in comune a Cant\u00f9\",\"isPartOf\":{\"@id\":\"https:\/\/www.educareincomune.it\/#website\"},\"datePublished\":\"2024-03-07T10:04:16+00:00\",\"dateModified\":\"2025-04-05T15:46:07+00:00\",\"breadcrumb\":{\"@id\":\"https:\/\/www.educareincomune.it\/contatti\/#breadcrumb\"},\"inLanguage\":\"en-US\",\"potentialAction\":[{\"@type\":\"ReadAction\",\"target\":[\"https:\/\/www.educareincomune.it\/contatti\/\"]}]},{\"@type\":\"BreadcrumbList\",\"@id\":\"https:\/\/www.educareincomune.it\/contatti\/#breadcrumb\",\"itemListElement\":[{\"@type\":\"ListItem\",\"position\":1,\"name\":\"Home\",\"item\":\"https:\/\/www.educareincomune.it\/en\/\"},{\"@type\":\"ListItem\",\"position\":2,\"name\":\"Contatti\"}]},{\"@type\":\"WebSite\",\"@id\":\"https:\/\/www.educareincomune.it\/#website\",\"url\":\"https:\/\/www.educareincomune.it\/\",\"name\":\"Educare in comune a Cant\u00f9\",\"description\":\"Punto di riferimento per supportare famiglie e comunit\u00e0, promuovendo risorse educative e opportunit\u00e0 di sviluppo.\",\"publisher\":{\"@id\":\"https:\/\/www.educareincomune.it\/#organization\"},\"potentialAction\":[{\"@type\":\"SearchAction\",\"target\":{\"@type\":\"EntryPoint\",\"urlTemplate\":\"https:\/\/www.educareincomune.it\/?s={search_term_string}\"},\"query-input\":{\"@type\":\"PropertyValueSpecification\",\"valueRequired\":true,\"valueName\":\"search_term_string\"}}],\"inLanguage\":\"en-US\"},{\"@type\":\"Organization\",\"@id\":\"https:\/\/www.educareincomune.it\/#organization\",\"name\":\"Educare in comune a Cant\u00f9\",\"url\":\"https:\/\/www.educareincomune.it\/\",\"logo\":{\"@type\":\"ImageObject\",\"inLanguage\":\"en-US\",\"@id\":\"https:\/\/www.educareincomune.it\/#\/schema\/logo\/image\/\",\"url\":\"https:\/\/educareincomune.it\/wp-content\/uploads\/2024\/03\/Edu-ca_logo_02.png\",\"contentUrl\":\"https:\/\/educareincomune.it\/wp-content\/uploads\/2024\/03\/Edu-ca_logo_02.png\",\"width\":300,\"height\":125,\"caption\":\"Educare in comune a Cant\u00f9\"},\"image\":{\"@id\":\"https:\/\/www.educareincomune.it\/#\/schema\/logo\/image\/\"}}]}<\/script>\n<!-- \/ Yoast SEO plugin. -->","yoast_head_json":{"title":"Contatti - Educare in comune a Cant\u00f9","robots":{"index":"index","follow":"follow","max-snippet":"max-snippet:-1","max-image-preview":"max-image-preview:large","max-video-preview":"max-video-preview:-1"},"canonical":"https:\/\/www.educareincomune.it\/contatti\/","og_locale":"en_US","og_type":"article","og_title":"Contatti - Educare in comune a Cant\u00f9","og_description":"[vc_row][vc_column width=&#8221;5\/12&#8243;][vc_single_image image=&#8221;1027&#8243; img_size=&#8221;full&#8221; alignment=&#8221;center&#8221; css=&#8221;&#8221;][\/vc_column][vc_column width=&#8221;7\/12&#8243;][vc_single_image image=&#8221;170&#8243; img_size=&#8221;medium&#8221;][vc_custom_heading text=&#8221;Spazio EDUCARE IN COMUNE \u00e8 un progetto del Comune di Cant\u00f9, in collaborazione con MondoVisione e Progetto Sociale. \u00c8 un punto di riferimento per supportare famiglie e comunit\u00e0, promuovendo risorse educative e opportunit\u00e0 di sviluppo&#8221; font_container=&#8221;tag:p|font_size:18px|text_align:left&#8221; use_theme_fonts=&#8221;yes&#8221;][vc_row_inner css=&#8221;.vc_custom_1727883363952{margin-top: 20px !important;}&#8221;][vc_column_inner width=&#8221;1\/12&#8243;][vc_icon type=&#8221;fontawesome&#8221; icon_fontawesome=&#8221;fas fa-map-marker-alt&#8221; color=&#8221;custom&#8221; css=&#8221;.vc_custom_1742309130566{margin-bottom:&hellip;","og_url":"https:\/\/www.educareincomune.it\/contatti\/","og_site_name":"Educare in comune a Cant\u00f9","article_modified_time":"2025-04-05T15:46:07+00:00","twitter_card":"summary_large_image","twitter_misc":{"Est. reading time":"3 minutes"},"schema":{"@context":"https:\/\/schema.org","@graph":[{"@type":"WebPage","@id":"https:\/\/www.educareincomune.it\/contatti\/","url":"https:\/\/www.educareincomune.it\/contatti\/","name":"Contatti - Educare in comune a Cant\u00f9","isPartOf":{"@id":"https:\/\/www.educareincomune.it\/#website"},"datePublished":"2024-03-07T10:04:16+00:00","dateModified":"2025-04-05T15:46:07+00:00","breadcrumb":{"@id":"https:\/\/www.educareincomune.it\/contatti\/#breadcrumb"},"inLanguage":"en-US","potentialAction":[{"@type":"ReadAction","target":["https:\/\/www.educareincomune.it\/contatti\/"]}]},{"@type":"BreadcrumbList","@id":"https:\/\/www.educareincomune.it\/contatti\/#breadcrumb","itemListElement":[{"@type":"ListItem","position":1,"name":"Home","item":"https:\/\/www.educareincomune.it\/en\/"},{"@type":"ListItem","position":2,"name":"Contatti"}]},{"@type":"WebSite","@id":"https:\/\/www.educareincomune.it\/#website","url":"https:\/\/www.educareincomune.it\/","name":"Educare in comune a Cant\u00f9","description":"Punto di riferimento per supportare famiglie e comunit\u00e0, promuovendo risorse educative e opportunit\u00e0 di sviluppo.","publisher":{"@id":"https:\/\/www.educareincomune.it\/#organization"},"potentialAction":[{"@type":"SearchAction","target":{"@type":"EntryPoint","urlTemplate":"https:\/\/www.educareincomune.it\/?s={search_term_string}"},"query-input":{"@type":"PropertyValueSpecification","valueRequired":true,"valueName":"search_term_string"}}],"inLanguage":"en-US"},{"@type":"Organization","@id":"https:\/\/www.educareincomune.it\/#organization","name":"Educare in comune a Cant\u00f9","url":"https:\/\/www.educareincomune.it\/","logo":{"@type":"ImageObject","inLanguage":"en-US","@id":"https:\/\/www.educareincomune.it\/#\/schema\/logo\/image\/","url":"https:\/\/educareincomune.it\/wp-content\/uploads\/2024\/03\/Edu-ca_logo_02.png","contentUrl":"https:\/\/educareincomune.it\/wp-content\/uploads\/2024\/03\/Edu-ca_logo_02.png","width":300,"height":125,"caption":"Educare in comune a Cant\u00f9"},"image":{"@id":"https:\/\/www.educareincomune.it\/#\/schema\/logo\/image\/"}}]}},"_links":{"self":[{"href":"https:\/\/www.educareincomune.it\/en\/wp-json\/wp\/v2\/pages\/605","targetHints":{"allow":["GET"]}}],"collection":[{"href":"https:\/\/www.educareincomune.it\/en\/wp-json\/wp\/v2\/pages"}],"about":[{"href":"https:\/\/www.educareincomune.it\/en\/wp-json\/wp\/v2\/types\/page"}],"author":[{"embeddable":true,"href":"https:\/\/www.educareincomune.it\/en\/wp-json\/wp\/v2\/users\/1"}],"replies":[{"embeddable":true,"href":"https:\/\/www.educareincomune.it\/en\/wp-json\/wp\/v2\/comments?post=605"}],"version-history":[{"count":7,"href":"https:\/\/www.educareincomune.it\/en\/wp-json\/wp\/v2\/pages\/605\/revisions"}],"predecessor-version":[{"id":1184,"href":"https:\/\/www.educareincomune.it\/en\/wp-json\/wp\/v2\/pages\/605\/revisions\/1184"}],"wp:attachment":[{"href":"https:\/\/www.educareincomune.it\/en\/wp-json\/wp\/v2\/media?parent=605"}],"curies":[{"name":"wp","href":"https:\/\/api.w.org\/{rel}","templated":true}]}}